{"id":52,"date":"2023-01-31T02:34:39","date_gmt":"2023-01-31T05:34:39","guid":{"rendered":"https:\/\/impoventas.cl\/?page_id=52"},"modified":"2025-01-28T04:23:13","modified_gmt":"2025-01-28T07:23:13","slug":"acerca-de-impoventas","status":"publish","type":"page","link":"https:\/\/impoventas.cl\/staging\/8054\/acerca-de-impoventas\/","title":{"rendered":"ACERCA DE IMPOVENTAS Conoce todo lo que Hacemos por ti&#8230;"},"content":{"rendered":"\t\t<div data-elementor-type=\"wp-page\" data-elementor-id=\"52\" class=\"elementor elementor-52\" data-elementor-post-type=\"page\">\n\t\t\t\t<div class=\"elementor-element elementor-element-87616d8 e-flex e-con-boxed e-con e-parent\" data-id=\"87616d8\" data-element_type=\"container\" data-e-type=\"container\">\n\t\t\t\t\t<div class=\"e-con-inner\">\n\t\t<div class=\"elementor-element elementor-element-0d6d9c5 e-con-full e-flex e-con e-child\" data-id=\"0d6d9c5\" data-element_type=\"container\" data-e-type=\"container\">\n\t\t\t\t<div class=\"elementor-element elementor-element-067ae3c elementor-widget elementor-widget-heading\" data-id=\"067ae3c\" data-element_type=\"widget\" data-e-type=\"widget\" data-widget_type=\"heading.default\">\n\t\t\t\t\t<p class=\"elementor-heading-title elementor-size-default\">Quienes Somos<\/p>\t\t\t\t<\/div>\n\t\t\t\t<div class=\"elementor-element elementor-element-a394414 elementor-widget elementor-widget-image\" data-id=\"a394414\" data-element_type=\"widget\" data-e-type=\"widget\" data-widget_type=\"image.default\">\n\t\t\t\t\t\t\t\t\t\t\t\t\t\t\t<img loading=\"lazy\" decoding=\"async\" loading=\"lazy\" width=\"300\" height=\"200\" src=\"https:\/\/impoventas.cl\/staging\/8054\/wp-content\/uploads\/2024\/06\/QUIENES-SOMOS.webp\" class=\"attachment-full size-full wp-image-17604\" alt=\"\" srcset=\"https:\/\/impoventas.cl\/staging\/8054\/wp-content\/uploads\/2024\/06\/QUIENES-SOMOS.webp 300w, https:\/\/impoventas.cl\/staging\/8054\/wp-content\/uploads\/2024\/06\/QUIENES-SOMOS-64x43.webp 64w\" sizes=\"auto, (max-width: 300px) 100vw, 300px\" \/>\t\t\t\t\t\t\t\t\t\t\t\t\t\t\t<\/div>\n\t\t\t\t<\/div>\n\t\t<div class=\"elementor-element elementor-element-c0ade68 e-con-full e-flex e-con e-child\" data-id=\"c0ade68\" data-element_type=\"container\" data-e-type=\"container\" data-settings=\"{&quot;background_background&quot;:&quot;gradient&quot;}\">\n\t\t\t\t<div class=\"elementor-element elementor-element-4740a40 elementor-widget elementor-widget-heading\" data-id=\"4740a40\" data-element_type=\"widget\" data-e-type=\"widget\" data-widget_type=\"heading.default\">\n\t\t\t\t\t<p class=\"elementor-heading-title elementor-size-medium\">- Desde nuestros inicios en el a\u00f1o 2007, comenzamos importando y comercializando todos nuestros productos desde nuestra tienda, ubicada en Santiago centro (barrio Meiggs), desde entonces, nos hemos dedicado a la importaci\u00f3n de productos novedosos y \u00fatiles para todo p\u00fablico, a la vez de ofrecer oportunidades de negocio a precios rebajados a emprendedores, mayoristas y empresas.\n\n Trabajando diariamente en brindar una buena experiencia de compra. Hoy en d\u00eda contamos con la tienda on line www.impoventas.cl  \n\n \n\nLo que nos distingue es nuestra dedicaci\u00f3n por entregar productos y servicios de calidad, la innovaci\u00f3n y la satisfacci\u00f3n del cliente es nuestro principal objetivo.  \n\n \n\n<\/p>\t\t\t\t<\/div>\n\t\t\t\t<\/div>\n\t\t<div class=\"elementor-element elementor-element-63937ca e-con-full e-flex e-con e-child\" data-id=\"63937ca\" data-element_type=\"container\" data-e-type=\"container\">\n\t\t\t\t<div class=\"elementor-element elementor-element-59eb8f5 elementor-widget elementor-widget-heading\" data-id=\"59eb8f5\" data-element_type=\"widget\" data-e-type=\"widget\" data-widget_type=\"heading.default\">\n\t\t\t\t\t<p class=\"elementor-heading-title elementor-size-default\">Nuestro Equipo<\/p>\t\t\t\t<\/div>\n\t\t\t\t<div class=\"elementor-element elementor-element-95b4a01 elementor-widget elementor-widget-image\" data-id=\"95b4a01\" data-element_type=\"widget\" data-e-type=\"widget\" data-widget_type=\"image.default\">\n\t\t\t\t\t\t\t\t\t\t\t\t\t\t\t<img loading=\"lazy\" decoding=\"async\" loading=\"lazy\" width=\"300\" height=\"200\" src=\"https:\/\/impoventas.cl\/staging\/8054\/wp-content\/uploads\/2023\/12\/Quienes-somos.webp\" class=\"attachment-full size-full wp-image-16086\" alt=\"Importadora impoventas quienes somos\" srcset=\"https:\/\/impoventas.cl\/staging\/8054\/wp-content\/uploads\/2023\/12\/Quienes-somos.webp 300w, https:\/\/impoventas.cl\/staging\/8054\/wp-content\/uploads\/2023\/12\/Quienes-somos-64x43.webp 64w\" sizes=\"auto, (max-width: 300px) 100vw, 300px\" \/>\t\t\t\t\t\t\t\t\t\t\t\t\t\t\t<\/div>\n\t\t\t\t<\/div>\n\t\t<div class=\"elementor-element elementor-element-c1eff66 e-con-full e-flex e-con e-child\" data-id=\"c1eff66\" data-element_type=\"container\" data-e-type=\"container\" data-settings=\"{&quot;background_background&quot;:&quot;gradient&quot;}\">\n\t\t\t\t<div class=\"elementor-element elementor-element-a3b3859 elementor-widget elementor-widget-heading\" data-id=\"a3b3859\" data-element_type=\"widget\" data-e-type=\"widget\" data-widget_type=\"heading.default\">\n\t\t\t\t\t<p class=\"elementor-heading-title elementor-size-medium\">- En Impoventas, contamos con un equipo de profesionales altamente capacitados y apasionados que comparten una visi\u00f3n en com\u00fan: por brindar una buena atenci\u00f3n y servicios a todos quienes lo requieran, manteniendo un contacto fluido tanto en la venta como en la post venta.  \n\nEstos valores fundamentales nos gu\u00edan en cada paso que damos y nos ayudan a establecer relaciones s\u00f3lidas y duraderas con nuestros clientes. \n<\/p>\t\t\t\t<\/div>\n\t\t\t\t<\/div>\n\t\t<div class=\"elementor-element elementor-element-626acd0 e-con-full e-flex e-con e-child\" data-id=\"626acd0\" data-element_type=\"container\" data-e-type=\"container\">\n\t\t\t\t<div class=\"elementor-element elementor-element-7b26f58 elementor-widget elementor-widget-heading\" data-id=\"7b26f58\" data-element_type=\"widget\" data-e-type=\"widget\" data-widget_type=\"heading.default\">\n\t\t\t\t\t<p class=\"elementor-heading-title elementor-size-default\">Nuestra Misi\u00f3n<\/p>\t\t\t\t<\/div>\n\t\t\t\t<div class=\"elementor-element elementor-element-b956193 elementor-widget elementor-widget-image\" data-id=\"b956193\" data-element_type=\"widget\" data-e-type=\"widget\" data-widget_type=\"image.default\">\n\t\t\t\t\t\t\t\t\t\t\t\t\t\t\t<img loading=\"lazy\" decoding=\"async\" loading=\"lazy\" width=\"300\" height=\"200\" src=\"https:\/\/impoventas.cl\/staging\/8054\/wp-content\/uploads\/2023\/12\/Acerca-de-Impoventas-Mision.webp\" class=\"attachment-full size-full wp-image-16091\" alt=\"Acerca de Impoventas Misi\u00f3n somos importadores de productos de novedades con descuentos\" srcset=\"https:\/\/impoventas.cl\/staging\/8054\/wp-content\/uploads\/2023\/12\/Acerca-de-Impoventas-Mision.webp 300w, https:\/\/impoventas.cl\/staging\/8054\/wp-content\/uploads\/2023\/12\/Acerca-de-Impoventas-Mision-64x43.webp 64w\" sizes=\"auto, (max-width: 300px) 100vw, 300px\" \/>\t\t\t\t\t\t\t\t\t\t\t\t\t\t\t<\/div>\n\t\t\t\t<\/div>\n\t\t<div class=\"elementor-element elementor-element-930943f e-con-full e-flex e-con e-child\" data-id=\"930943f\" data-element_type=\"container\" data-e-type=\"container\" data-settings=\"{&quot;background_background&quot;:&quot;gradient&quot;}\">\n\t\t\t\t<div class=\"elementor-element elementor-element-8c56c96 elementor-widget elementor-widget-heading\" data-id=\"8c56c96\" data-element_type=\"widget\" data-e-type=\"widget\" data-widget_type=\"heading.default\">\n\t\t\t\t\t<p class=\"elementor-heading-title elementor-size-medium\">- Nuestra prioridad es la satisfacci\u00f3n del cliente. Trabajamos de cerca con cada uno de ellos para entender sus necesidades y ofrecer soluciones personalizadas y eficientes.<\/p>\t\t\t\t<\/div>\n\t\t\t\t<\/div>\n\t\t<div class=\"elementor-element elementor-element-1e71d30 e-con-full e-flex e-con e-child\" data-id=\"1e71d30\" data-element_type=\"container\" data-e-type=\"container\">\n\t\t\t\t<div class=\"elementor-element elementor-element-a01e792 elementor-widget elementor-widget-heading\" data-id=\"a01e792\" data-element_type=\"widget\" data-e-type=\"widget\" data-widget_type=\"heading.default\">\n\t\t\t\t\t<p class=\"elementor-heading-title elementor-size-default\">Nuestra Visi\u00f3n<\/p>\t\t\t\t<\/div>\n\t\t\t\t<div class=\"elementor-element elementor-element-0e9198f elementor-widget elementor-widget-image\" data-id=\"0e9198f\" data-element_type=\"widget\" data-e-type=\"widget\" data-widget_type=\"image.default\">\n\t\t\t\t\t\t\t\t\t\t\t\t\t\t\t<img loading=\"lazy\" decoding=\"async\" loading=\"lazy\" width=\"300\" height=\"200\" src=\"https:\/\/impoventas.cl\/staging\/8054\/wp-content\/uploads\/2023\/12\/Acerca-de-Impoventas-Vision.webp\" class=\"attachment-full size-full wp-image-16092\" alt=\"Importadora impoventas traemos a nuestros clientes productos de gran calidad novedosdes y descuentos a todo Chile. Estamos ubicados en Santiago centro barrio Meiggs\" srcset=\"https:\/\/impoventas.cl\/staging\/8054\/wp-content\/uploads\/2023\/12\/Acerca-de-Impoventas-Vision.webp 300w, https:\/\/impoventas.cl\/staging\/8054\/wp-content\/uploads\/2023\/12\/Acerca-de-Impoventas-Vision-64x43.webp 64w\" sizes=\"auto, (max-width: 300px) 100vw, 300px\" \/>\t\t\t\t\t\t\t\t\t\t\t\t\t\t\t<\/div>\n\t\t\t\t<\/div>\n\t\t<div class=\"elementor-element elementor-element-7910b7c e-con-full e-flex e-con e-child\" data-id=\"7910b7c\" data-element_type=\"container\" data-e-type=\"container\" data-settings=\"{&quot;background_background&quot;:&quot;gradient&quot;}\">\n\t\t\t\t<div class=\"elementor-element elementor-element-a27c50b elementor-widget elementor-widget-heading\" data-id=\"a27c50b\" data-element_type=\"widget\" data-e-type=\"widget\" data-widget_type=\"heading.default\">\n\t\t\t\t\t<p class=\"elementor-heading-title elementor-size-medium\">- Estamos emocionados por el futuro y las oportunidades que nos esperan. A medida que seguimos creciendo y evolucionando, nuestro compromiso con la excelencia y la innovaci\u00f3n nunca disminuye.<\/p>\t\t\t\t<\/div>\n\t\t\t\t<\/div>\n\t\t<div class=\"elementor-element elementor-element-3812b40 e-con-full e-flex e-con e-child\" data-id=\"3812b40\" data-element_type=\"container\" data-e-type=\"container\">\n\t\t\t\t<div class=\"elementor-element elementor-element-51dbcd7 elementor-widget elementor-widget-heading\" data-id=\"51dbcd7\" data-element_type=\"widget\" data-e-type=\"widget\" data-widget_type=\"heading.default\">\n\t\t\t\t\t<p class=\"elementor-heading-title elementor-size-default\">Mercado P\u00fablico<\/p>\t\t\t\t<\/div>\n\t\t\t\t<div class=\"elementor-element elementor-element-add1378 elementor-widget elementor-widget-image\" data-id=\"add1378\" data-element_type=\"widget\" data-e-type=\"widget\" data-widget_type=\"image.default\">\n\t\t\t\t\t\t\t\t\t\t\t\t\t\t\t<img loading=\"lazy\" decoding=\"async\" loading=\"lazy\" width=\"300\" height=\"200\" src=\"https:\/\/impoventas.cl\/staging\/8054\/wp-content\/uploads\/2023\/12\/Acerca-de-Impoventas-Chile-Compras.webp\" class=\"attachment-full size-full wp-image-16093\" alt=\"Importadora impoventas somos chile proveedores y trabajamos con el portal de chile compras en sus proyectos con licitaciones publicas del estado de chile\" srcset=\"https:\/\/impoventas.cl\/staging\/8054\/wp-content\/uploads\/2023\/12\/Acerca-de-Impoventas-Chile-Compras.webp 300w, https:\/\/impoventas.cl\/staging\/8054\/wp-content\/uploads\/2023\/12\/Acerca-de-Impoventas-Chile-Compras-64x43.webp 64w\" sizes=\"auto, (max-width: 300px) 100vw, 300px\" \/>\t\t\t\t\t\t\t\t\t\t\t\t\t\t\t<\/div>\n\t\t\t\t<\/div>\n\t\t<div class=\"elementor-element elementor-element-dc3e3b7 e-con-full e-flex e-con e-child\" data-id=\"dc3e3b7\" data-element_type=\"container\" data-e-type=\"container\" data-settings=\"{&quot;background_background&quot;:&quot;gradient&quot;}\">\n\t\t\t\t<div class=\"elementor-element elementor-element-08ba751 elementor-widget elementor-widget-heading\" data-id=\"08ba751\" data-element_type=\"widget\" data-e-type=\"widget\" data-widget_type=\"heading.default\">\n\t\t\t\t\t<p class=\"elementor-heading-title elementor-size-medium\">- Gracias por visitar nuestro sitio web y conocer m\u00e1s sobre nosotros. Si tienes alguna pregunta o est\u00e1s interesado en nuestros productos, no dudes en contactarnos. Estaremos encantados de ayudarte.\n\n\nEsperamos tener la oportunidad de trabajar contigo y demostrarte por qu\u00e9 somos la elecci\u00f3n perfecta para emprendedores y clientes felices \n<\/p>\t\t\t\t<\/div>\n\t\t\t\t<\/div>\n\t\t\t\t\t<\/div>\n\t\t\t\t<\/div>\n\t\t\t\t<\/div>\n\t\t","protected":false},"excerpt":{"rendered":"<p>Quienes Somos &#8211; Desde nuestros inicios en el a\u00f1o 2007, comenzamos importando y comercializando todos nuestros productos desde nuestra tienda, ubicada en Santiago centro (barrio Meiggs), desde entonces, nos hemos dedicado a la importaci\u00f3n de productos novedosos y \u00fatiles para todo p\u00fablico, a la vez de ofrecer oportunidades de negocio a precios rebajados a emprendedores, [&hellip;]<\/p>\n","protected":false},"author":1,"featured_media":17533,"parent":0,"menu_order":0,"comment_status":"closed","ping_status":"closed","template":"elementor_theme","meta":{"nf_dc_page":"","site-sidebar-layout":"no-sidebar","site-content-layout":"","ast-site-content-layout":"default","site-content-style":"unboxed","site-sidebar-style":"unboxed","ast-global-header-display":"","ast-banner-title-visibility":"","ast-main-header-display":"","ast-hfb-above-header-display":"","ast-hfb-below-header-display":"","ast-hfb-mobile-header-display":"","site-post-title":"","ast-breadcrumbs-content":"","ast-featured-img":"","footer-sml-layout":"","ast-disable-related-posts":"","theme-transparent-header-meta":"disabled","adv-header-id-meta":"","stick-header-meta":"","header-above-stick-meta":"","header-main-stick-meta":"","header-below-stick-meta":"","astra-migrate-meta-layouts":"set","ast-page-background-enabled":"default","ast-page-background-meta":{"desktop":{"background-color":"var(--ast-global-color-4)","background-image":"","background-repeat":"repeat","background-position":"center center","background-size":"auto","background-attachment":"scroll","background-type":"","background-media":"","overlay-type":"","overlay-color":"","overlay-opacity":"","overlay-gradient":""},"tablet":{"background-color":"","background-image":"","background-repeat":"repeat","background-position":"center center","background-size":"auto","background-attachment":"scroll","background-type":"","background-media":"","overlay-type":"","overlay-color":"","overlay-opacity":"","overlay-gradient":""},"mobile":{"background-color":"","background-image":"","background-repeat":"repeat","background-position":"center center","background-size":"auto","background-attachment":"scroll","background-type":"","background-media":"","overlay-type":"","overlay-color":"","overlay-opacity":"","overlay-gradient":""}},"ast-content-background-meta":{"desktop":{"background-color":"var(--ast-global-color-5)","background-image":"","background-repeat":"repeat","background-position":"center center","background-size":"auto","background-attachment":"scroll","background-type":"","background-media":"","overlay-type":"","overlay-color":"","overlay-opacity":"","overlay-gradient":""},"tablet":{"background-color":"var(--ast-global-color-5)","background-image":"","background-repeat":"repeat","background-position":"center center","background-size":"auto","background-attachment":"scroll","background-type":"","background-media":"","overlay-type":"","overlay-color":"","overlay-opacity":"","overlay-gradient":""},"mobile":{"background-color":"var(--ast-global-color-5)","background-image":"","background-repeat":"repeat","background-position":"center center","background-size":"auto","background-attachment":"scroll","background-type":"","background-media":"","overlay-type":"","overlay-color":"","overlay-opacity":"","overlay-gradient":""}},"_joinchat":[],"footnotes":""},"class_list":["post-52","page","type-page","status-publish","has-post-thumbnail","hentry"],"yoast_head":"<!-- This site is optimized with the Yoast SEO plugin v27.3 - https:\/\/yoast.com\/product\/yoast-seo-wordpress\/ -->\n<title>ACERCA DE IMPOVENTAS Conoce todo lo que Hacemos por ti...<\/title>\n<meta name=\"description\" content=\"Conoce m\u00e1s sobre nuestra importadora | Somos IMPOVENTAS la mejor opci\u00f3n para que compres productos de calidad a precios Increibles...\" \/>\n<meta name=\"robots\" content=\"index, follow, max-snippet:-1, max-image-preview:large, max-video-preview:-1\" \/>\n<link rel=\"canonical\" href=\"https:\/\/impoventas.cl\/staging\/8054\/acerca-de-impoventas\/\" \/>\n<meta property=\"og:locale\" content=\"es_ES\" \/>\n<meta property=\"og:type\" content=\"article\" \/>\n<meta property=\"og:title\" content=\"ACERCA DE IMPOVENTAS Conoce todo lo que Hacemos por ti...\" \/>\n<meta property=\"og:description\" content=\"Conoce m\u00e1s sobre nuestra importadora | Somos IMPOVENTAS la mejor opci\u00f3n para que compres productos de calidad a precios Increibles...\" \/>\n<meta property=\"og:url\" content=\"https:\/\/impoventas.cl\/staging\/8054\/acerca-de-impoventas\/\" \/>\n<meta property=\"og:site_name\" content=\"Impoventas\" \/>\n<meta property=\"article:modified_time\" content=\"2025-01-28T07:23:13+00:00\" \/>\n<meta property=\"og:image\" content=\"https:\/\/impoventas.cl\/staging\/8054\/wp-content\/uploads\/2024\/06\/PORTADA-QUIENES-SOMOS.webp\" \/>\n\t<meta property=\"og:image:width\" content=\"1140\" \/>\n\t<meta property=\"og:image:height\" content=\"475\" \/>\n\t<meta property=\"og:image:type\" content=\"image\/webp\" \/>\n<meta name=\"twitter:card\" content=\"summary_large_image\" \/>\n<script type=\"application\/ld+json\" class=\"yoast-schema-graph\">{\"@context\":\"https:\\\/\\\/schema.org\",\"@graph\":[{\"@type\":[\"WebPage\",\"AboutPage\"],\"@id\":\"https:\\\/\\\/impoventas.cl\\\/staging\\\/8054\\\/acerca-de-impoventas\\\/\",\"url\":\"https:\\\/\\\/impoventas.cl\\\/staging\\\/8054\\\/acerca-de-impoventas\\\/\",\"name\":\"ACERCA DE IMPOVENTAS Conoce todo lo que Hacemos por ti...\",\"isPartOf\":{\"@id\":\"https:\\\/\\\/impoventas.cl\\\/staging\\\/8054\\\/#website\"},\"primaryImageOfPage\":{\"@id\":\"https:\\\/\\\/impoventas.cl\\\/staging\\\/8054\\\/acerca-de-impoventas\\\/#primaryimage\"},\"image\":{\"@id\":\"https:\\\/\\\/impoventas.cl\\\/staging\\\/8054\\\/acerca-de-impoventas\\\/#primaryimage\"},\"thumbnailUrl\":\"https:\\\/\\\/impoventas.cl\\\/staging\\\/8054\\\/wp-content\\\/uploads\\\/2024\\\/06\\\/PORTADA-QUIENES-SOMOS.webp\",\"datePublished\":\"2023-01-31T05:34:39+00:00\",\"dateModified\":\"2025-01-28T07:23:13+00:00\",\"description\":\"Conoce m\u00e1s sobre nuestra importadora | Somos IMPOVENTAS la mejor opci\u00f3n para que compres productos de calidad a precios Increibles...\",\"breadcrumb\":{\"@id\":\"https:\\\/\\\/impoventas.cl\\\/staging\\\/8054\\\/acerca-de-impoventas\\\/#breadcrumb\"},\"inLanguage\":\"es\",\"potentialAction\":[{\"@type\":\"ReadAction\",\"target\":[\"https:\\\/\\\/impoventas.cl\\\/staging\\\/8054\\\/acerca-de-impoventas\\\/\"]}]},{\"@type\":\"ImageObject\",\"inLanguage\":\"es\",\"@id\":\"https:\\\/\\\/impoventas.cl\\\/staging\\\/8054\\\/acerca-de-impoventas\\\/#primaryimage\",\"url\":\"https:\\\/\\\/impoventas.cl\\\/staging\\\/8054\\\/wp-content\\\/uploads\\\/2024\\\/06\\\/PORTADA-QUIENES-SOMOS.webp\",\"contentUrl\":\"https:\\\/\\\/impoventas.cl\\\/staging\\\/8054\\\/wp-content\\\/uploads\\\/2024\\\/06\\\/PORTADA-QUIENES-SOMOS.webp\",\"width\":1140,\"height\":475,\"caption\":\"Acerca de impoventas, quienes somos, nosotros y nuestra empresa, productos que importamos y vendemos a todo chile, estamos ubicados en barrio meiggs\"},{\"@type\":\"BreadcrumbList\",\"@id\":\"https:\\\/\\\/impoventas.cl\\\/staging\\\/8054\\\/acerca-de-impoventas\\\/#breadcrumb\",\"itemListElement\":[{\"@type\":\"ListItem\",\"position\":1,\"name\":\"Inicio\",\"item\":\"https:\\\/\\\/impoventas.cl\\\/staging\\\/8054\\\/\"},{\"@type\":\"ListItem\",\"position\":2,\"name\":\"ACERCA DE IMPOVENTAS Conoce todo lo que Hacemos por ti&#8230;\"}]},{\"@type\":\"WebSite\",\"@id\":\"https:\\\/\\\/impoventas.cl\\\/staging\\\/8054\\\/#website\",\"url\":\"https:\\\/\\\/impoventas.cl\\\/staging\\\/8054\\\/\",\"name\":\"Impoventas\",\"description\":\"Importadora de novedades con descuentos\",\"publisher\":{\"@id\":\"https:\\\/\\\/impoventas.cl\\\/staging\\\/8054\\\/#organization\"},\"alternateName\":\"Impoventas importadora de novedades con descuentos en Santiago de Chile barrio Meiggs\",\"potentialAction\":[{\"@type\":\"SearchAction\",\"target\":{\"@type\":\"EntryPoint\",\"urlTemplate\":\"https:\\\/\\\/impoventas.cl\\\/staging\\\/8054\\\/?s={search_term_string}\"},\"query-input\":{\"@type\":\"PropertyValueSpecification\",\"valueRequired\":true,\"valueName\":\"search_term_string\"}}],\"inLanguage\":\"es\"},{\"@type\":\"Organization\",\"@id\":\"https:\\\/\\\/impoventas.cl\\\/staging\\\/8054\\\/#organization\",\"name\":\"IMPOVENTAS\",\"alternateName\":\"Impoventas importadora de novedades con descuentos\",\"url\":\"https:\\\/\\\/impoventas.cl\\\/staging\\\/8054\\\/\",\"logo\":{\"@type\":\"ImageObject\",\"inLanguage\":\"es\",\"@id\":\"https:\\\/\\\/impoventas.cl\\\/staging\\\/8054\\\/#\\\/schema\\\/logo\\\/image\\\/\",\"url\":\"https:\\\/\\\/impoventas.cl\\\/staging\\\/8054\\\/wp-content\\\/uploads\\\/2023\\\/01\\\/Logo-impoventas-ok-e1731396267186.png\",\"contentUrl\":\"https:\\\/\\\/impoventas.cl\\\/staging\\\/8054\\\/wp-content\\\/uploads\\\/2023\\\/01\\\/Logo-impoventas-ok-e1731396267186.png\",\"width\":300,\"height\":214,\"caption\":\"IMPOVENTAS\"},\"image\":{\"@id\":\"https:\\\/\\\/impoventas.cl\\\/staging\\\/8054\\\/#\\\/schema\\\/logo\\\/image\\\/\"}}]}<\/script>\n<!-- \/ Yoast SEO plugin. -->","yoast_head_json":{"title":"ACERCA DE IMPOVENTAS Conoce todo lo que Hacemos por ti...","description":"Conoce m\u00e1s sobre nuestra importadora | Somos IMPOVENTAS la mejor opci\u00f3n para que compres productos de calidad a precios Increibles...","robots":{"index":"index","follow":"follow","max-snippet":"max-snippet:-1","max-image-preview":"max-image-preview:large","max-video-preview":"max-video-preview:-1"},"canonical":"https:\/\/impoventas.cl\/staging\/8054\/acerca-de-impoventas\/","og_locale":"es_ES","og_type":"article","og_title":"ACERCA DE IMPOVENTAS Conoce todo lo que Hacemos por ti...","og_description":"Conoce m\u00e1s sobre nuestra importadora | Somos IMPOVENTAS la mejor opci\u00f3n para que compres productos de calidad a precios Increibles...","og_url":"https:\/\/impoventas.cl\/staging\/8054\/acerca-de-impoventas\/","og_site_name":"Impoventas","article_modified_time":"2025-01-28T07:23:13+00:00","og_image":[{"width":1140,"height":475,"url":"https:\/\/impoventas.cl\/staging\/8054\/wp-content\/uploads\/2024\/06\/PORTADA-QUIENES-SOMOS.webp","type":"image\/webp"}],"twitter_card":"summary_large_image","schema":{"@context":"https:\/\/schema.org","@graph":[{"@type":["WebPage","AboutPage"],"@id":"https:\/\/impoventas.cl\/staging\/8054\/acerca-de-impoventas\/","url":"https:\/\/impoventas.cl\/staging\/8054\/acerca-de-impoventas\/","name":"ACERCA DE IMPOVENTAS Conoce todo lo que Hacemos por ti...","isPartOf":{"@id":"https:\/\/impoventas.cl\/staging\/8054\/#website"},"primaryImageOfPage":{"@id":"https:\/\/impoventas.cl\/staging\/8054\/acerca-de-impoventas\/#primaryimage"},"image":{"@id":"https:\/\/impoventas.cl\/staging\/8054\/acerca-de-impoventas\/#primaryimage"},"thumbnailUrl":"https:\/\/impoventas.cl\/staging\/8054\/wp-content\/uploads\/2024\/06\/PORTADA-QUIENES-SOMOS.webp","datePublished":"2023-01-31T05:34:39+00:00","dateModified":"2025-01-28T07:23:13+00:00","description":"Conoce m\u00e1s sobre nuestra importadora | Somos IMPOVENTAS la mejor opci\u00f3n para que compres productos de calidad a precios Increibles...","breadcrumb":{"@id":"https:\/\/impoventas.cl\/staging\/8054\/acerca-de-impoventas\/#breadcrumb"},"inLanguage":"es","potentialAction":[{"@type":"ReadAction","target":["https:\/\/impoventas.cl\/staging\/8054\/acerca-de-impoventas\/"]}]},{"@type":"ImageObject","inLanguage":"es","@id":"https:\/\/impoventas.cl\/staging\/8054\/acerca-de-impoventas\/#primaryimage","url":"https:\/\/impoventas.cl\/staging\/8054\/wp-content\/uploads\/2024\/06\/PORTADA-QUIENES-SOMOS.webp","contentUrl":"https:\/\/impoventas.cl\/staging\/8054\/wp-content\/uploads\/2024\/06\/PORTADA-QUIENES-SOMOS.webp","width":1140,"height":475,"caption":"Acerca de impoventas, quienes somos, nosotros y nuestra empresa, productos que importamos y vendemos a todo chile, estamos ubicados en barrio meiggs"},{"@type":"BreadcrumbList","@id":"https:\/\/impoventas.cl\/staging\/8054\/acerca-de-impoventas\/#breadcrumb","itemListElement":[{"@type":"ListItem","position":1,"name":"Inicio","item":"https:\/\/impoventas.cl\/staging\/8054\/"},{"@type":"ListItem","position":2,"name":"ACERCA DE IMPOVENTAS Conoce todo lo que Hacemos por ti&#8230;"}]},{"@type":"WebSite","@id":"https:\/\/impoventas.cl\/staging\/8054\/#website","url":"https:\/\/impoventas.cl\/staging\/8054\/","name":"Impoventas","description":"Importadora de novedades con descuentos","publisher":{"@id":"https:\/\/impoventas.cl\/staging\/8054\/#organization"},"alternateName":"Impoventas importadora de novedades con descuentos en Santiago de Chile barrio Meiggs","potentialAction":[{"@type":"SearchAction","target":{"@type":"EntryPoint","urlTemplate":"https:\/\/impoventas.cl\/staging\/8054\/?s={search_term_string}"},"query-input":{"@type":"PropertyValueSpecification","valueRequired":true,"valueName":"search_term_string"}}],"inLanguage":"es"},{"@type":"Organization","@id":"https:\/\/impoventas.cl\/staging\/8054\/#organization","name":"IMPOVENTAS","alternateName":"Impoventas importadora de novedades con descuentos","url":"https:\/\/impoventas.cl\/staging\/8054\/","logo":{"@type":"ImageObject","inLanguage":"es","@id":"https:\/\/impoventas.cl\/staging\/8054\/#\/schema\/logo\/image\/","url":"https:\/\/impoventas.cl\/staging\/8054\/wp-content\/uploads\/2023\/01\/Logo-impoventas-ok-e1731396267186.png","contentUrl":"https:\/\/impoventas.cl\/staging\/8054\/wp-content\/uploads\/2023\/01\/Logo-impoventas-ok-e1731396267186.png","width":300,"height":214,"caption":"IMPOVENTAS"},"image":{"@id":"https:\/\/impoventas.cl\/staging\/8054\/#\/schema\/logo\/image\/"}}]}},"_links":{"self":[{"href":"https:\/\/impoventas.cl\/staging\/8054\/wp-json\/wp\/v2\/pages\/52","targetHints":{"allow":["GET"]}}],"collection":[{"href":"https:\/\/impoventas.cl\/staging\/8054\/wp-json\/wp\/v2\/pages"}],"about":[{"href":"https:\/\/impoventas.cl\/staging\/8054\/wp-json\/wp\/v2\/types\/page"}],"author":[{"embeddable":true,"href":"https:\/\/impoventas.cl\/staging\/8054\/wp-json\/wp\/v2\/users\/1"}],"replies":[{"embeddable":true,"href":"https:\/\/impoventas.cl\/staging\/8054\/wp-json\/wp\/v2\/comments?post=52"}],"version-history":[{"count":25,"href":"https:\/\/impoventas.cl\/staging\/8054\/wp-json\/wp\/v2\/pages\/52\/revisions"}],"predecessor-version":[{"id":20886,"href":"https:\/\/impoventas.cl\/staging\/8054\/wp-json\/wp\/v2\/pages\/52\/revisions\/20886"}],"wp:featuredmedia":[{"embeddable":true,"href":"https:\/\/impoventas.cl\/staging\/8054\/wp-json\/wp\/v2\/media\/17533"}],"wp:attachment":[{"href":"https:\/\/impoventas.cl\/staging\/8054\/wp-json\/wp\/v2\/media?parent=52"}],"curies":[{"name":"wp","href":"https:\/\/api.w.org\/{rel}","templated":true}]}}